{"id":51,"date":"2023-07-10T15:37:55","date_gmt":"2023-07-10T13:37:55","guid":{"rendered":"https:\/\/effectumcp.com\/?page_id=51"},"modified":"2025-03-18T04:43:54","modified_gmt":"2025-03-18T03:43:54","slug":"impressum","status":"publish","type":"page","link":"https:\/\/effectumcp.com\/en\/impressum\/","title":{"rendered":"Legal Notice"},"content":{"rendered":"<div data-elementor-type=\"wp-page\" data-elementor-id=\"51\" class=\"elementor elementor-51\" data-elementor-post-type=\"page\">\n\t\t\t\t\t\t\t<div class=\"elementor-element elementor-element-76d53ae e-flex e-con-boxed e-con e-parent\" data-id=\"76d53ae\" data-element_type=\"container\" data-settings=\"{&quot;content_width&quot;:&quot;boxed&quot;}\" data-core-v316-plus=\"true\">\n\t\t\t\t\t<div class=\"e-con-inner\">\n\t\t\t\t<div class=\"elementor-element elementor-element-4369b34 elementor-widget elementor-widget-heading\" data-id=\"4369b34\" data-element_type=\"widget\" data-widget_type=\"heading.default\">\n\t\t\t\t<div class=\"elementor-widget-container\">\n\t\t\t<style>\/*! elementor - v3.16.0 - 20-09-2023 *\/\n.elementor-heading-title{padding:0;margin:0;line-height:1}.elementor-widget-heading .elementor-heading-title[class*=elementor-size-]>a{color:inherit;font-size:inherit;line-height:inherit}.elementor-widget-heading .elementor-heading-title.elementor-size-small{font-size:15px}.elementor-widget-heading .elementor-heading-title.elementor-size-medium{font-size:19px}.elementor-widget-heading .elementor-heading-title.elementor-size-large{font-size:29px}.elementor-widget-heading .elementor-heading-title.elementor-size-xl{font-size:39px}.elementor-widget-heading .elementor-heading-title.elementor-size-xxl{font-size:59px}<\/style><h2 class=\"elementor-heading-title elementor-size-default\">Legal Notice<\/h2>\t\t<\/div>\n\t\t\t\t<\/div>\n\t\t\t\t<div class=\"elementor-element elementor-element-0e5beac elementor-widget elementor-widget-text-editor\" data-id=\"0e5beac\" data-element_type=\"widget\" data-widget_type=\"text-editor.default\">\n\t\t\t\t<div class=\"elementor-widget-container\">\n\t\t\t<style>\/*! elementor - v3.16.0 - 20-09-2023 *\/\n.elementor-widget-text-editor.elementor-drop-cap-view-stacked .elementor-drop-cap{background-color:#69727d;color:#fff}.elementor-widget-text-editor.elementor-drop-cap-view-framed .elementor-drop-cap{color:#69727d;border:3px solid;background-color:transparent}.elementor-widget-text-editor:not(.elementor-drop-cap-view-default) .elementor-drop-cap{margin-top:8px}.elementor-widget-text-editor:not(.elementor-drop-cap-view-default) .elementor-drop-cap-letter{width:1em;height:1em}.elementor-widget-text-editor .elementor-drop-cap{float:left;text-align:center;line-height:1;font-size:50px}.elementor-widget-text-editor .elementor-drop-cap-letter{display:inline-block}<\/style>\t\t\t\t<p>Effectum Capital Partners GmbH<br \/>F\u00fcrstenstrasse 15<br \/>80333 M\u00fcnchen<\/p>\t\t\t\t\t\t<\/div>\n\t\t\t\t<\/div>\n\t\t\t\t<div class=\"elementor-element elementor-element-0fd428f elementor-widget elementor-widget-text-editor\" data-id=\"0fd428f\" data-element_type=\"widget\" data-widget_type=\"text-editor.default\">\n\t\t\t\t<div class=\"elementor-widget-container\">\n\t\t\t\t\t\t\tVertreten durch:\t\t\t\t\t\t<\/div>\n\t\t\t\t<\/div>\n\t\t\t\t<div class=\"elementor-element elementor-element-b72597c elementor-widget elementor-widget-text-editor\" data-id=\"b72597c\" data-element_type=\"widget\" data-widget_type=\"text-editor.default\">\n\t\t\t\t<div class=\"elementor-widget-container\">\n\t\t\t\t\t\t\tChristoph Dreyer und Daniel Filser\t\t\t\t\t\t<\/div>\n\t\t\t\t<\/div>\n\t\t\t\t<div class=\"elementor-element elementor-element-e47d4c0 elementor-widget elementor-widget-text-editor\" data-id=\"e47d4c0\" data-element_type=\"widget\" data-widget_type=\"text-editor.default\">\n\t\t\t\t<div class=\"elementor-widget-container\">\n\t\t\t\t\t\t\tRegisternummer und Umsatzsteuer-ID:\t\t\t\t\t\t<\/div>\n\t\t\t\t<\/div>\n\t\t\t\t<div class=\"elementor-element elementor-element-09146f9 elementor-widget elementor-widget-text-editor\" data-id=\"09146f9\" data-element_type=\"widget\" data-widget_type=\"text-editor.default\">\n\t\t\t\t<div class=\"elementor-widget-container\">\n\t\t\t\t\t\t\tAmtsgericht M\u00fcnchen HRB 285674\t\t\t\t\t\t<\/div>\n\t\t\t\t<\/div>\n\t\t\t\t<div class=\"elementor-element elementor-element-c0554da elementor-widget elementor-widget-text-editor\" data-id=\"c0554da\" data-element_type=\"widget\" data-widget_type=\"text-editor.default\">\n\t\t\t\t<div class=\"elementor-widget-container\">\n\t\t\t\t\t\t\tUmsatzsteuer-Identifikationsnummer gem\u00e4\u00df \u00a727 a Umsatzsteuergesetz:\n\t\t\t\t\t\t<\/div>\n\t\t\t\t<\/div>\n\t\t\t\t<div class=\"elementor-element elementor-element-2455059 elementor-widget elementor-widget-text-editor\" data-id=\"2455059\" data-element_type=\"widget\" data-widget_type=\"text-editor.default\">\n\t\t\t\t<div class=\"elementor-widget-container\">\n\t\t\t\t\t\t\tInhaltlich verantwortlich:\t\t\t\t\t\t<\/div>\n\t\t\t\t<\/div>\n\t\t\t\t<div class=\"elementor-element elementor-element-d1604ed elementor-widget elementor-widget-text-editor\" data-id=\"d1604ed\" data-element_type=\"widget\" data-widget_type=\"text-editor.default\">\n\t\t\t\t<div class=\"elementor-widget-container\">\n\t\t\t\t\t\t\t<p>Christoph Dreyer<br \/>F\u00fcrstenstrasse 15<br \/>80333 M\u00fcnchen<br \/>T: +49 (0)15901774589<br \/>M: dreyer@effectumcp.com<\/p>\t\t\t\t\t\t<\/div>\n\t\t\t\t<\/div>\n\t\t\t\t<div class=\"elementor-element elementor-element-4581d22 elementor-widget elementor-widget-text-editor\" data-id=\"4581d22\" data-element_type=\"widget\" data-widget_type=\"text-editor.default\">\n\t\t\t\t<div class=\"elementor-widget-container\">\n\t\t\t\t\t\t\tVerbraucherstreitbeilegung\/Univer\u00adsal\u00adschlichtungsstelle\t\t\t\t\t\t<\/div>\n\t\t\t\t<\/div>\n\t\t\t\t<div class=\"elementor-element elementor-element-1841a59 elementor-widget elementor-widget-text-editor\" data-id=\"1841a59\" data-element_type=\"widget\" data-widget_type=\"text-editor.default\">\n\t\t\t\t<div class=\"elementor-widget-container\">\n\t\t\t\t\t\t\tWir sind nicht bereit oder verpflichtet, an Streitbeilegungsverfahren vor einer Verbraucherschlichtungsstelle teilzunehmen.\t\t\t\t\t\t<\/div>\n\t\t\t\t<\/div>\n\t\t\t\t<div class=\"elementor-element elementor-element-0af2dbb elementor-widget elementor-widget-text-editor\" data-id=\"0af2dbb\" data-element_type=\"widget\" data-widget_type=\"text-editor.default\">\n\t\t\t\t<div class=\"elementor-widget-container\">\n\t\t\t\t\t\t\tKonzeption, Design &#038; Umsetzung der Website\t\t\t\t\t\t<\/div>\n\t\t\t\t<\/div>\n\t\t\t\t<div class=\"elementor-element elementor-element-5eacdb6 elementor-widget elementor-widget-image\" data-id=\"5eacdb6\" data-element_type=\"widget\" data-widget_type=\"image.default\">\n\t\t\t\t<div class=\"elementor-widget-container\">\n\t\t\t<style>\/*! elementor - v3.16.0 - 20-09-2023 *\/\n.elementor-widget-image{text-align:center}.elementor-widget-image a{display:inline-block}.elementor-widget-image a img[src$=\".svg\"]{width:48px}.elementor-widget-image img{vertical-align:middle;display:inline-block}<\/style>\t\t\t\t\t\t\t\t\t\t\t\t\t<a href=\"https:\/\/aigo-media.de\/professionelles-webdesign-aus-wuerzburg\/\" target=\"_blank\" rel=\"noopener\">\n\t\t\t\t\t\t\t<img loading=\"lazy\" decoding=\"async\" width=\"497\" height=\"141\" src=\"https:\/\/effectumcp.com\/wp-content\/uploads\/2023\/10\/Florian-Stumpf-AIGO-MEDIA-e1697201357987.png\" class=\"attachment-large size-large wp-image-800\" alt=\"\" srcset=\"https:\/\/effectumcp.com\/wp-content\/uploads\/2023\/10\/Florian-Stumpf-AIGO-MEDIA-e1697201357987.png 497w, https:\/\/effectumcp.com\/wp-content\/uploads\/2023\/10\/Florian-Stumpf-AIGO-MEDIA-e1697201357987-300x85.png 300w, https:\/\/effectumcp.com\/wp-content\/uploads\/2023\/10\/Florian-Stumpf-AIGO-MEDIA-e1697201357987-18x5.png 18w\" sizes=\"auto, (max-width: 497px) 100vw, 497px\" \/>\t\t\t\t\t\t\t\t<\/a>\n\t\t\t\t\t\t\t\t\t\t\t\t\t\t\t<\/div>\n\t\t\t\t<\/div>\n\t\t\t\t<div class=\"elementor-element elementor-element-a7d5a5d elementor-widget elementor-widget-text-editor\" data-id=\"a7d5a5d\" data-element_type=\"widget\" data-widget_type=\"text-editor.default\">\n\t\t\t\t<div class=\"elementor-widget-container\">\n\t\t\t\t\t\t\t<p>AIGO MEDIA<br \/>Kreativ-Studio f\u00fcr Web- &amp; Grafikdesign<br \/>M: info@aigo-media.de<br \/>W: <a href=\"https:\/\/aigo-media.de\" target=\"_blank\" rel=\"noopener\">www.aigo-media.de<\/a><br \/><br \/><\/p>\t\t\t\t\t\t<\/div>\n\t\t\t\t<\/div>\n\t\t\t\t\t<\/div>\n\t\t\t\t<\/div>\n\t\t\t\t\t\t\t<\/div>","protected":false},"excerpt":{"rendered":"<p>Impressum Effectum Capital Partners GmbHF\u00fcrstenstrasse 1580333 M\u00fcnchen Vertreten durch:Christoph Dreyer und Daniel FilserRegisternummer und Umsatzsteuer-ID:Amtsgericht M\u00fcnchen HRB 285674Umsatzsteuer-Identifikationsnummer gem\u00e4\u00df \u00a727&#8230;<\/p>","protected":false},"author":1,"featured_media":0,"parent":0,"menu_order":0,"comment_status":"closed","ping_status":"closed","template":"","meta":{"footnotes":""},"class_list":["post-51","page","type-page","status-publish","hentry"],"_links":{"self":[{"href":"https:\/\/effectumcp.com\/en\/wp-json\/wp\/v2\/pages\/51","targetHints":{"allow":["GET"]}}],"collection":[{"href":"https:\/\/effectumcp.com\/en\/wp-json\/wp\/v2\/pages"}],"about":[{"href":"https:\/\/effectumcp.com\/en\/wp-json\/wp\/v2\/types\/page"}],"author":[{"embeddable":true,"href":"https:\/\/effectumcp.com\/en\/wp-json\/wp\/v2\/users\/1"}],"replies":[{"embeddable":true,"href":"https:\/\/effectumcp.com\/en\/wp-json\/wp\/v2\/comments?post=51"}],"version-history":[{"count":14,"href":"https:\/\/effectumcp.com\/en\/wp-json\/wp\/v2\/pages\/51\/revisions"}],"predecessor-version":[{"id":1214,"href":"https:\/\/effectumcp.com\/en\/wp-json\/wp\/v2\/pages\/51\/revisions\/1214"}],"wp:attachment":[{"href":"https:\/\/effectumcp.com\/en\/wp-json\/wp\/v2\/media?parent=51"}],"curies":[{"name":"wp","href":"https:\/\/api.w.org\/{rel}","templated":true}]}}