{"id":39,"date":"2023-07-10T15:36:01","date_gmt":"2023-07-10T13:36:01","guid":{"rendered":"https:\/\/effectumcp.com\/?page_id=39"},"modified":"2024-01-04T11:52:03","modified_gmt":"2024-01-04T10:52:03","slug":"investoren","status":"publish","type":"page","link":"https:\/\/effectumcp.com\/en\/investoren\/","title":{"rendered":"Investor Relations"},"content":{"rendered":"<div data-elementor-type=\"wp-page\" data-elementor-id=\"39\" class=\"elementor elementor-39\" data-elementor-post-type=\"page\">\n\t\t\t\t\t\t\t<div class=\"elementor-element elementor-element-1db0b39 e-flex e-con-boxed e-con e-parent\" data-id=\"1db0b39\" data-element_type=\"container\" data-settings=\"{&quot;background_background&quot;:&quot;classic&quot;,&quot;content_width&quot;:&quot;boxed&quot;}\" data-core-v316-plus=\"true\">\n\t\t\t\t\t<div class=\"e-con-inner\">\n\t\t\t\t<div class=\"elementor-element elementor-element-9afc314 elementor-widget-tablet__width-inherit elementor-widget elementor-widget-heading\" data-id=\"9afc314\" data-element_type=\"widget\" data-widget_type=\"heading.default\">\n\t\t\t\t<div class=\"elementor-widget-container\">\n\t\t\t<style>\/*! elementor - v3.16.0 - 20-09-2023 *\/\n.elementor-heading-title{padding:0;margin:0;line-height:1}.elementor-widget-heading .elementor-heading-title[class*=elementor-size-]>a{color:inherit;font-size:inherit;line-height:inherit}.elementor-widget-heading .elementor-heading-title.elementor-size-small{font-size:15px}.elementor-widget-heading .elementor-heading-title.elementor-size-medium{font-size:19px}.elementor-widget-heading .elementor-heading-title.elementor-size-large{font-size:29px}.elementor-widget-heading .elementor-heading-title.elementor-size-xl{font-size:39px}.elementor-widget-heading .elementor-heading-title.elementor-size-xxl{font-size:59px}<\/style><h2 class=\"elementor-heading-title elementor-size-default\">Investor Relations<\/h2>\t\t<\/div>\n\t\t\t\t<\/div>\n\t\t\t\t<div class=\"elementor-element elementor-element-8b00cc8 elementor-widget__width-initial elementor-widget elementor-widget-text-editor\" data-id=\"8b00cc8\" data-element_type=\"widget\" data-widget_type=\"text-editor.default\">\n\t\t\t\t<div class=\"elementor-widget-container\">\n\t\t\t<style>\/*! elementor - v3.16.0 - 20-09-2023 *\/\n.elementor-widget-text-editor.elementor-drop-cap-view-stacked .elementor-drop-cap{background-color:#69727d;color:#fff}.elementor-widget-text-editor.elementor-drop-cap-view-framed .elementor-drop-cap{color:#69727d;border:3px solid;background-color:transparent}.elementor-widget-text-editor:not(.elementor-drop-cap-view-default) .elementor-drop-cap{margin-top:8px}.elementor-widget-text-editor:not(.elementor-drop-cap-view-default) .elementor-drop-cap-letter{width:1em;height:1em}.elementor-widget-text-editor .elementor-drop-cap{float:left;text-align:center;line-height:1;font-size:50px}.elementor-widget-text-editor .elementor-drop-cap-letter{display:inline-block}<\/style>\t\t\t\tAs an owner-managed and independent investment and asset management specialist, we offer\nour investors tailor-made solutions in the field of real estate investments. Depending on our\npartner\u2019s existing set-up and structure, ECP can take over the entire investment and\nmanagement process or contribute in specific areas to enhance the value of real estate projects.\t\t\t\t\t\t<\/div>\n\t\t\t\t<\/div>\n\t\t\t\t\t<\/div>\n\t\t\t\t<\/div>\n\t\t<div class=\"elementor-element elementor-element-628d6b99 e-con-full e-flex e-con e-parent\" data-id=\"628d6b99\" data-element_type=\"container\" id=\"investor\" data-settings=\"{&quot;background_background&quot;:&quot;classic&quot;,&quot;content_width&quot;:&quot;full&quot;}\" data-core-v316-plus=\"true\">\n\t\t<div class=\"elementor-element elementor-element-71faf2cb e-con-full e-flex e-con e-child\" data-id=\"71faf2cb\" data-element_type=\"container\" data-settings=\"{&quot;content_width&quot;:&quot;full&quot;}\">\n\t\t\t\t<div class=\"elementor-element elementor-element-dbdf8bc elementor-view-default elementor-widget elementor-widget-icon\" data-id=\"dbdf8bc\" data-element_type=\"widget\" data-widget_type=\"icon.default\">\n\t\t\t\t<div class=\"elementor-widget-container\">\n\t\t\t\t\t<div class=\"elementor-icon-wrapper\">\n\t\t\t<div class=\"elementor-icon\">\n\t\t\t<i aria-hidden=\"true\" class=\"icon icon-grid\"><\/i>\t\t\t<\/div>\n\t\t<\/div>\n\t\t\t\t<\/div>\n\t\t\t\t<\/div>\n\t\t\t\t<div class=\"elementor-element elementor-element-21c8b52e elementor-widget__width-initial elementor-widget elementor-widget-heading\" data-id=\"21c8b52e\" data-element_type=\"widget\" data-widget_type=\"heading.default\">\n\t\t\t\t<div class=\"elementor-widget-container\">\n\t\t\t<h3 class=\"elementor-heading-title elementor-size-default\">Club Deals<\/h3>\t\t<\/div>\n\t\t\t\t<\/div>\n\t\t\t\t<div class=\"elementor-element elementor-element-11fec1df elementor-widget elementor-widget-text-editor\" data-id=\"11fec1df\" data-element_type=\"widget\" data-widget_type=\"text-editor.default\">\n\t\t\t\t<div class=\"elementor-widget-container\">\n\t\t\t\t\t\t\tDue to different requirements and objectives, we offer our\ninvestors the opportunity to participate in club deals with\ndifferent investment horizons and risk profiles. Consequently,\nevery investor can build up their own individual portfolio with\nECP over the years and, unlike traditional real estate funds,\ncan select and influence the projects themselves, as well as\nthe respective risk profile and investment volume. \t\t\t\t\t\t<\/div>\n\t\t\t\t<\/div>\n\t\t\t\t<\/div>\n\t\t<div class=\"elementor-element elementor-element-23f3ca9 e-con-full e-flex e-con e-child\" data-id=\"23f3ca9\" data-element_type=\"container\" data-settings=\"{&quot;content_width&quot;:&quot;full&quot;}\">\n\t\t\t\t<div class=\"elementor-element elementor-element-9c6bdb6 elementor-view-default elementor-widget elementor-widget-icon\" data-id=\"9c6bdb6\" data-element_type=\"widget\" data-widget_type=\"icon.default\">\n\t\t\t\t<div class=\"elementor-widget-container\">\n\t\t\t\t\t<div class=\"elementor-icon-wrapper\">\n\t\t\t<div class=\"elementor-icon\">\n\t\t\t<i aria-hidden=\"true\" class=\"icon icon-repeat\"><\/i>\t\t\t<\/div>\n\t\t<\/div>\n\t\t\t\t<\/div>\n\t\t\t\t<\/div>\n\t\t\t\t<div class=\"elementor-element elementor-element-44b7375 elementor-widget elementor-widget-heading\" data-id=\"44b7375\" data-element_type=\"widget\" data-widget_type=\"heading.default\">\n\t\t\t\t<div class=\"elementor-widget-container\">\n\t\t\t<h3 class=\"elementor-heading-title elementor-size-default\">Operating Partner Modell<\/h3>\t\t<\/div>\n\t\t\t\t<\/div>\n\t\t\t\t<div class=\"elementor-element elementor-element-983dadf elementor-widget elementor-widget-text-editor\" data-id=\"983dadf\" data-element_type=\"widget\" data-widget_type=\"text-editor.default\">\n\t\t\t\t<div class=\"elementor-widget-container\">\n\t\t\t\t\t\t\tECP offers private equity and institutional investors the opportunity to implement individual real estate investment strategies in\nGermany. ECP takes care of the entire value chain from acquisition through repositioning and administration up until disposition.\nStructuring and reporting can be adapted to the respective needs of investors at any time. Due to extensive experience in the\ncollaboration with various operating partners, ECP is aware of the different investor needs and can offer tailor-made solutions.\t\t\t\t\t\t<\/div>\n\t\t\t\t<\/div>\n\t\t\t\t<\/div>\n\t\t<div class=\"elementor-element elementor-element-e0fe51a e-con-full e-flex e-con e-child\" data-id=\"e0fe51a\" data-element_type=\"container\" data-settings=\"{&quot;content_width&quot;:&quot;full&quot;}\">\n\t\t\t\t<div class=\"elementor-element elementor-element-f954d12 elementor-widget elementor-widget-image\" data-id=\"f954d12\" data-element_type=\"widget\" data-widget_type=\"image.default\">\n\t\t\t\t<div class=\"elementor-widget-container\">\n\t\t\t<style>\/*! elementor - v3.16.0 - 20-09-2023 *\/\n.elementor-widget-image{text-align:center}.elementor-widget-image a{display:inline-block}.elementor-widget-image a img[src$=\".svg\"]{width:48px}.elementor-widget-image img{vertical-align:middle;display:inline-block}<\/style>\t\t\t\t\t\t\t\t\t\t\t\t<img loading=\"lazy\" decoding=\"async\" width=\"1024\" height=\"218\" src=\"https:\/\/effectumcp.com\/wp-content\/uploads\/2023\/10\/DWER_Logo_Final_RGB-1024x218.png\" class=\"attachment-large size-large wp-image-793\" alt=\"\" srcset=\"https:\/\/effectumcp.com\/wp-content\/uploads\/2023\/10\/DWER_Logo_Final_RGB-1024x218.png 1024w, https:\/\/effectumcp.com\/wp-content\/uploads\/2023\/10\/DWER_Logo_Final_RGB-300x64.png 300w, https:\/\/effectumcp.com\/wp-content\/uploads\/2023\/10\/DWER_Logo_Final_RGB-768x164.png 768w, https:\/\/effectumcp.com\/wp-content\/uploads\/2023\/10\/DWER_Logo_Final_RGB-1536x328.png 1536w, https:\/\/effectumcp.com\/wp-content\/uploads\/2023\/10\/DWER_Logo_Final_RGB-2048x437.png 2048w, https:\/\/effectumcp.com\/wp-content\/uploads\/2023\/10\/DWER_Logo_Final_RGB-18x4.png 18w\" sizes=\"auto, (max-width: 1024px) 100vw, 1024px\" \/>\t\t\t\t\t\t\t\t\t\t\t\t\t\t\t<\/div>\n\t\t\t\t<\/div>\n\t\t\t\t<div class=\"elementor-element elementor-element-7d867be elementor-widget elementor-widget-heading\" data-id=\"7d867be\" data-element_type=\"widget\" data-widget_type=\"heading.default\">\n\t\t\t\t<div class=\"elementor-widget-container\">\n\t\t\t<h3 class=\"elementor-heading-title elementor-size-default\">Joint Venture - DW Effectum Residential<\/h3>\t\t<\/div>\n\t\t\t\t<\/div>\n\t\t\t\t<div class=\"elementor-element elementor-element-5df5949 elementor-widget elementor-widget-text-editor\" data-id=\"5df5949\" data-element_type=\"widget\" data-widget_type=\"text-editor.default\">\n\t\t\t\t<div class=\"elementor-widget-container\">\n\t\t\t\t\t\t\tDW Effectum Residential was founded together with DW Real Estate in 2023 - the purpose of the joint venture is to advise\ninvestors on the acquisition, management and repositioning as well as the subsequent disposition of residential real estate or\ncorresponding indirect investments in Germany. In addition to existing properties that require energy and structural measures,\nnewly built properties with up-side potential are purchased across Germany and actively managed by our asset management.\t\t\t\t\t\t<\/div>\n\t\t\t\t<\/div>\n\t\t\t\t<div class=\"elementor-element elementor-element-be39de7 e-transform elementor-widget elementor-widget-button\" data-id=\"be39de7\" data-element_type=\"widget\" data-settings=\"{&quot;_transform_translateX_effect_hover&quot;:{&quot;unit&quot;:&quot;px&quot;,&quot;size&quot;:5,&quot;sizes&quot;:[]},&quot;_transform_translateX_effect_hover_tablet&quot;:{&quot;unit&quot;:&quot;px&quot;,&quot;size&quot;:&quot;&quot;,&quot;sizes&quot;:[]},&quot;_transform_translateX_effect_hover_mobile&quot;:{&quot;unit&quot;:&quot;px&quot;,&quot;size&quot;:&quot;&quot;,&quot;sizes&quot;:[]},&quot;_transform_translateY_effect_hover&quot;:{&quot;unit&quot;:&quot;px&quot;,&quot;size&quot;:&quot;&quot;,&quot;sizes&quot;:[]},&quot;_transform_translateY_effect_hover_tablet&quot;:{&quot;unit&quot;:&quot;px&quot;,&quot;size&quot;:&quot;&quot;,&quot;sizes&quot;:[]},&quot;_transform_translateY_effect_hover_mobile&quot;:{&quot;unit&quot;:&quot;px&quot;,&quot;size&quot;:&quot;&quot;,&quot;sizes&quot;:[]}}\" data-widget_type=\"button.default\">\n\t\t\t\t<div class=\"elementor-widget-container\">\n\t\t\t\t\t<div class=\"elementor-button-wrapper\">\n\t\t\t<a class=\"elementor-button elementor-button-link elementor-size-sm\" href=\"http:\/\/www.dweffectum.com\" target=\"_blank\" rel=\"noopener\">\n\t\t\t\t\t\t<span class=\"elementor-button-content-wrapper\">\n\t\t\t\t\t\t<span class=\"elementor-button-icon elementor-align-icon-right\">\n\t\t\t\t<i aria-hidden=\"true\" class=\"icon icon-arrow-up-right\"><\/i>\t\t\t<\/span>\n\t\t\t\t\t\t<span class=\"elementor-button-text\">www.dweffectum.com<\/span>\n\t\t<\/span>\n\t\t\t\t\t<\/a>\n\t\t<\/div>\n\t\t\t\t<\/div>\n\t\t\t\t<\/div>\n\t\t\t\t<\/div>\n\t\t\t\t<\/div>\n\t\t\t\t\t\t\t<\/div>","protected":false},"excerpt":{"rendered":"<p>Investoren Als inhabergef\u00fchrter und unabh\u00e4ngiger Investment und Asset Management Spezialist bieten wir unseren Investoren ma\u00dfgeschneiderte L\u00f6sungen im Bereich der Immobilieninvestitionen&#8230;<\/p>","protected":false},"author":1,"featured_media":0,"parent":0,"menu_order":0,"comment_status":"closed","ping_status":"closed","template":"","meta":{"footnotes":""},"class_list":["post-39","page","type-page","status-publish","hentry"],"_links":{"self":[{"href":"https:\/\/effectumcp.com\/en\/wp-json\/wp\/v2\/pages\/39","targetHints":{"allow":["GET"]}}],"collection":[{"href":"https:\/\/effectumcp.com\/en\/wp-json\/wp\/v2\/pages"}],"about":[{"href":"https:\/\/effectumcp.com\/en\/wp-json\/wp\/v2\/types\/page"}],"author":[{"embeddable":true,"href":"https:\/\/effectumcp.com\/en\/wp-json\/wp\/v2\/users\/1"}],"replies":[{"embeddable":true,"href":"https:\/\/effectumcp.com\/en\/wp-json\/wp\/v2\/comments?post=39"}],"version-history":[{"count":45,"href":"https:\/\/effectumcp.com\/en\/wp-json\/wp\/v2\/pages\/39\/revisions"}],"predecessor-version":[{"id":1157,"href":"https:\/\/effectumcp.com\/en\/wp-json\/wp\/v2\/pages\/39\/revisions\/1157"}],"wp:attachment":[{"href":"https:\/\/effectumcp.com\/en\/wp-json\/wp\/v2\/media?parent=39"}],"curies":[{"name":"wp","href":"https:\/\/api.w.org\/{rel}","templated":true}]}}